{"id":7743,"date":"2025-04-01T13:39:58","date_gmt":"2025-04-01T11:39:58","guid":{"rendered":"https:\/\/www.vallformosa.com\/descuentos\/"},"modified":"2025-07-24T12:25:24","modified_gmt":"2025-07-24T10:25:24","slug":"descuentos","status":"publish","type":"page","link":"https:\/\/www.vallformosa.com\/ca\/descomptes\/","title":{"rendered":"Descomptes"},"content":{"rendered":"<div class=\"wpb-content-wrapper\"><p>[vc_row][vc_column]<div class='spacer display-none-mobile' style='height: 5vh;'><\/div><div class='spacer display-none-desktop' style='height: 40px;'><\/div>[vc_wp_text el_class=&#8221;button-title-center-section-&#8220;]<\/p>\n<p class=\"button-title\" style=\"text-align: left;\">Descomptes<\/p>\n<p>[\/vc_wp_text]<div class='spacer display-none-mobile' style='height: 6vh;'><\/div><div class='spacer display-none-desktop' style='height: 40px;'><\/div>[vc_wp_text]<\/p>\n<h1 class=\"title-title\" style=\"text-align: left;\">Descomptes extraordinaris!<\/h1>\n<p>[\/vc_wp_text]<div class='spacer display-none-mobile' style='height: 6vh;'><\/div><div class='spacer display-none-desktop' style='height: 40px;'><\/div>[vc_wp_text]<\/p>\n<p style=\"text-align: left; max-width: 1000px; margin-left: 0px; margin-right: auto;\">Aquests s\u00f3n els codis que tens disponibles per utilitzar a les teves properes comandes.<br \/>\n<strong>Els deixar\u00e0s escapar?<\/strong> Dins de cadascun trobar\u00e0s les condicions i<br \/>\nles dates en qu\u00e8 estan disponibles.<\/p>\n<p>[\/vc_wp_text]<div class='spacer display-none-mobile' style='height: 5vh;'><\/div><div class='spacer display-none-desktop' style='height: 40px;'><\/div>[\/vc_column][\/vc_row][vc_row full_width=&#8221;stretch_row_content_no_spaces&#8221;][vc_column]<p style='text-align: center !important; margin-top: 5vh; margin-bottom: 5vh;'>No hi ha descomptes disponibles.<\/p>[\/vc_column][\/vc_row][vc_row full_width=&#8221;stretch_row&#8221; css=&#8221;.vc_custom_1743690104297{background-color: #ffccb5 !important;}&#8221;][vc_column]<div class='spacer display-none-mobile' style='height: 5vh;'><\/div><div class='spacer display-none-desktop' style='height: 40px;'><\/div>[vc_wp_text]<\/p>\n<p class=\"button-title\" style=\"text-align: left;\">Descomptes<\/p>\n<p>[\/vc_wp_text]<div class='spacer display-none-mobile' style='height: 6vh;'><\/div><div class='spacer display-none-desktop' style='height: 40px;'><\/div>[vc_wp_text]<\/p>\n<h1 class=\"title-title\" style=\"text-align: left;\">Historial de descomptes utilitzats<\/h1>\n<p>[\/vc_wp_text]<div class='spacer display-none-mobile' style='height: 5vh;'><\/div><div class='spacer display-none-desktop' style='height: 40px;'><\/div><div class='slider-section-cupones'><div class='cupon-slider-section' cupon_id='14003'><div class='cupon-slider-block'><div class='cupon-slider-block-container'><p class='cupon-slider-section-title'><\/p><p class='cupon-slider-section-descripcion-corta'><\/p><a href='#ver-mas-info-descuento' class='button-default ver-mas-info-descuento' cupon_id='14003'>Veure m\u00e9s informaci\u00f3<\/a><\/div><\/div><\/div><div class='cupon-slider-section' cupon_id='14004'><div class='cupon-slider-block'><div class='cupon-slider-block-container'><p class='cupon-slider-section-title'><\/p><p class='cupon-slider-section-descripcion-corta'><\/p><a href='#ver-mas-info-descuento' class='button-default ver-mas-info-descuento' cupon_id='14004'>Veure m\u00e9s informaci\u00f3<\/a><\/div><\/div><\/div><div class='cupon-slider-section' cupon_id='12486'><div class='cupon-slider-block'><div class='cupon-slider-block-container'><p class='cupon-slider-section-title'><\/p><p class='cupon-slider-section-descripcion-corta'><\/p><a href='#ver-mas-info-descuento' class='button-default ver-mas-info-descuento' cupon_id='12486'>Veure m\u00e9s informaci\u00f3<\/a><\/div><\/div><\/div><div class='cupon-slider-section' cupon_id='12498'><div class='cupon-slider-block'><div class='cupon-slider-block-container'><p class='cupon-slider-section-title'><\/p><p class='cupon-slider-section-descripcion-corta'><\/p><a href='#ver-mas-info-descuento' class='button-default ver-mas-info-descuento' cupon_id='12498'>Veure m\u00e9s informaci\u00f3<\/a><\/div><\/div><\/div><div class='cupon-slider-section' cupon_id='12605'><div class='cupon-slider-block'><div class='cupon-slider-block-container'><p class='cupon-slider-section-title'><\/p><p class='cupon-slider-section-descripcion-corta'><\/p><a href='#ver-mas-info-descuento' class='button-default ver-mas-info-descuento' cupon_id='12605'>Veure m\u00e9s informaci\u00f3<\/a><\/div><\/div><\/div><div class='cupon-slider-section' cupon_id='11955'><div class='cupon-slider-block'><div class='cupon-slider-block-container'><p class='cupon-slider-section-title'><\/p><p class='cupon-slider-section-descripcion-corta'><\/p><a href='#ver-mas-info-descuento' class='button-default ver-mas-info-descuento' cupon_id='11955'>Veure m\u00e9s informaci\u00f3<\/a><\/div><\/div><\/div><\/div><div class='spacer display-none-mobile' style='height: 12vh;'><\/div><div class='spacer display-none-desktop' style='height: 40px;'><\/div>[\/vc_column][\/vc_row][vc_row][vc_column]<div class='popup-section-descuentos'><div class='popup-section-descuentos-background'><\/div><div class='popup-section-descuentos-content'><i class=\"close-section-descuentos fa-solid fa-xmark\"><\/i><div class='popup-section-descuentos-container'><div class='popup-section-descuentos-the-container'><p class='descuento-popup-title title-title'>Mistinguett brut Reserva<\/p><div class='descuento-descripcion-texto'><p><strong>Descompte del 10% en la teva pr\u00f2xima compra de Mistinguett Brut Reserva<\/strong><\/p>\r\n<br>\r\n<p>Gaudeix d'un 10% de descompte en la teva pr\u00f2xima compra de Mistinguett Brut Reserva. Aquest cava, elaborat amb cura i dedicaci\u00f3, ofereix una experi\u00e8ncia \u00fanica en cada glop. Aprofita aquesta<\/p><\/div><div class='descuento-instrucciones-texto'><p class=\"popup-descuento-subtitle\">Termes i condicions<\/p>\r\n<ul>\r\n<li>Lorem ipsum dolor sit amet, consectetur adipiscing elit amet adips<\/li>\r\n<li>Lorem ipsum dolor sit amet, consectetur adipiscing elit amet adips<\/li>\r\n<\/ul><\/div><p class='aplicar-descuento'><a href='#aplicar-descuento' class='button-default aplicar-descuento' number='6820'>Aplicar descompte<\/a><\/p><\/div><\/div><div class='loading-section'><div class='loading-section-background'><\/div><i class=\"fas fa-spinner fa-spin\"><\/i><\/div><\/div><\/div>[\/vc_column][\/vc_row]<\/p>\n<\/div>","protected":false},"excerpt":{"rendered":"<p>[vc_row][vc_column][vc_wp_text el_class=&#8221;button-title-center-section-&#8220;] Descomptes [\/vc_wp_text][vc_wp_text] Descomptes extraordinaris! [\/vc_wp_text][vc_wp_text] Aquests s\u00f3n els codis que tens disponibles per utilitzar a les teves properes comandes. Els deixar\u00e0s escapar? Dins de cadascun trobar\u00e0s les condicions i les dates en qu\u00e8 estan disponibles. [\/vc_wp_text][\/vc_column][\/vc_row][vc_row full_width=&#8221;stretch_row_content_no_spaces&#8221;][vc_column][\/vc_column][\/vc_row][vc_row full_width=&#8221;stretch_row&#8221; css=&#8221;.vc_custom_1743690104297{background-color: #ffccb5 !important;}&#8221;][vc_column][vc_wp_text] Descomptes [\/vc_wp_text][vc_wp_text] Historial de descomptes utilitzats [\/vc_wp_text][\/vc_column][\/vc_row][vc_row][vc_column][\/vc_column][\/vc_row]<\/p>\n","protected":false},"author":2,"featured_media":0,"parent":0,"menu_order":0,"comment_status":"closed","ping_status":"open","template":"","meta":{"_acf_changed":false,"footnotes":""},"class_list":["post-7743","page","type-page","status-publish","hentry"],"acf":[],"yoast_head":"<!-- This site is optimized with the Yoast SEO plugin v27.4 - https:\/\/yoast.com\/product\/yoast-seo-wordpress\/ -->\n<title>Descomptes - Vallformosa<\/title>\n<meta name=\"robots\" content=\"index, follow, max-snippet:-1, max-image-preview:large, max-video-preview:-1\" \/>\n<link rel=\"canonical\" href=\"https:\/\/www.vallformosa.com\/ca\/descomptes\/\" \/>\n<meta property=\"og:locale\" content=\"ca_ES\" \/>\n<meta property=\"og:type\" content=\"article\" \/>\n<meta property=\"og:title\" content=\"Descomptes - Vallformosa\" \/>\n<meta property=\"og:description\" content=\"[vc_row][vc_column][vc_wp_text el_class=&#8221;button-title-center-section-&#8220;] Descomptes [\/vc_wp_text][vc_wp_text] Descomptes extraordinaris! [\/vc_wp_text][vc_wp_text] Aquests s\u00f3n els codis que tens disponibles per utilitzar a les teves properes comandes. Els deixar\u00e0s escapar? Dins de cadascun trobar\u00e0s les condicions i les dates en qu\u00e8 estan disponibles. [\/vc_wp_text][\/vc_column][\/vc_row][vc_row full_width=&#8221;stretch_row_content_no_spaces&#8221;][vc_column][\/vc_column][\/vc_row][vc_row full_width=&#8221;stretch_row&#8221; css=&#8221;.vc_custom_1743690104297{background-color: #ffccb5 !important;}&#8221;][vc_column][vc_wp_text] Descomptes [\/vc_wp_text][vc_wp_text] Historial de descomptes utilitzats [\/vc_wp_text][\/vc_column][\/vc_row][vc_row][vc_column][\/vc_column][\/vc_row]\" \/>\n<meta property=\"og:url\" content=\"https:\/\/www.vallformosa.com\/ca\/descomptes\/\" \/>\n<meta property=\"og:site_name\" content=\"Vallformosa\" \/>\n<meta property=\"article:modified_time\" content=\"2025-07-24T10:25:24+00:00\" \/>\n<meta name=\"twitter:card\" content=\"summary_large_image\" \/>\n<meta name=\"twitter:label1\" content=\"Temps estimat de lectura\" \/>\n\t<meta name=\"twitter:data1\" content=\"1 minut\" \/>\n<script type=\"application\/ld+json\" class=\"yoast-schema-graph\">{\"@context\":\"https:\\\/\\\/schema.org\",\"@graph\":[{\"@type\":\"WebPage\",\"@id\":\"https:\\\/\\\/www.vallformosa.com\\\/ca\\\/descomptes\\\/\",\"url\":\"https:\\\/\\\/www.vallformosa.com\\\/ca\\\/descomptes\\\/\",\"name\":\"Descomptes - Vallformosa\",\"isPartOf\":{\"@id\":\"https:\\\/\\\/www.vallformosa.com\\\/ca\\\/#website\"},\"datePublished\":\"2025-04-01T11:39:58+00:00\",\"dateModified\":\"2025-07-24T10:25:24+00:00\",\"breadcrumb\":{\"@id\":\"https:\\\/\\\/www.vallformosa.com\\\/ca\\\/descomptes\\\/#breadcrumb\"},\"inLanguage\":\"ca\",\"potentialAction\":[{\"@type\":\"ReadAction\",\"target\":[\"https:\\\/\\\/www.vallformosa.com\\\/ca\\\/descomptes\\\/\"]}]},{\"@type\":\"BreadcrumbList\",\"@id\":\"https:\\\/\\\/www.vallformosa.com\\\/ca\\\/descomptes\\\/#breadcrumb\",\"itemListElement\":[{\"@type\":\"ListItem\",\"position\":1,\"name\":\"Portada\",\"item\":\"https:\\\/\\\/www.vallformosa.com\\\/ca\\\/\"},{\"@type\":\"ListItem\",\"position\":2,\"name\":\"Descomptes\"}]},{\"@type\":\"WebSite\",\"@id\":\"https:\\\/\\\/www.vallformosa.com\\\/ca\\\/#website\",\"url\":\"https:\\\/\\\/www.vallformosa.com\\\/ca\\\/\",\"name\":\"Vallformosa\",\"description\":\"\",\"potentialAction\":[{\"@type\":\"SearchAction\",\"target\":{\"@type\":\"EntryPoint\",\"urlTemplate\":\"https:\\\/\\\/www.vallformosa.com\\\/ca\\\/?s={search_term_string}\"},\"query-input\":{\"@type\":\"PropertyValueSpecification\",\"valueRequired\":true,\"valueName\":\"search_term_string\"}}],\"inLanguage\":\"ca\"}]}<\/script>\n<!-- \/ Yoast SEO plugin. -->","yoast_head_json":{"title":"Descomptes - Vallformosa","robots":{"index":"index","follow":"follow","max-snippet":"max-snippet:-1","max-image-preview":"max-image-preview:large","max-video-preview":"max-video-preview:-1"},"canonical":"https:\/\/www.vallformosa.com\/ca\/descomptes\/","og_locale":"ca_ES","og_type":"article","og_title":"Descomptes - Vallformosa","og_description":"[vc_row][vc_column][vc_wp_text el_class=&#8221;button-title-center-section-&#8220;] Descomptes [\/vc_wp_text][vc_wp_text] Descomptes extraordinaris! [\/vc_wp_text][vc_wp_text] Aquests s\u00f3n els codis que tens disponibles per utilitzar a les teves properes comandes. Els deixar\u00e0s escapar? Dins de cadascun trobar\u00e0s les condicions i les dates en qu\u00e8 estan disponibles. [\/vc_wp_text][\/vc_column][\/vc_row][vc_row full_width=&#8221;stretch_row_content_no_spaces&#8221;][vc_column][\/vc_column][\/vc_row][vc_row full_width=&#8221;stretch_row&#8221; css=&#8221;.vc_custom_1743690104297{background-color: #ffccb5 !important;}&#8221;][vc_column][vc_wp_text] Descomptes [\/vc_wp_text][vc_wp_text] Historial de descomptes utilitzats [\/vc_wp_text][\/vc_column][\/vc_row][vc_row][vc_column][\/vc_column][\/vc_row]","og_url":"https:\/\/www.vallformosa.com\/ca\/descomptes\/","og_site_name":"Vallformosa","article_modified_time":"2025-07-24T10:25:24+00:00","twitter_card":"summary_large_image","twitter_misc":{"Temps estimat de lectura":"1 minut"},"schema":{"@context":"https:\/\/schema.org","@graph":[{"@type":"WebPage","@id":"https:\/\/www.vallformosa.com\/ca\/descomptes\/","url":"https:\/\/www.vallformosa.com\/ca\/descomptes\/","name":"Descomptes - Vallformosa","isPartOf":{"@id":"https:\/\/www.vallformosa.com\/ca\/#website"},"datePublished":"2025-04-01T11:39:58+00:00","dateModified":"2025-07-24T10:25:24+00:00","breadcrumb":{"@id":"https:\/\/www.vallformosa.com\/ca\/descomptes\/#breadcrumb"},"inLanguage":"ca","potentialAction":[{"@type":"ReadAction","target":["https:\/\/www.vallformosa.com\/ca\/descomptes\/"]}]},{"@type":"BreadcrumbList","@id":"https:\/\/www.vallformosa.com\/ca\/descomptes\/#breadcrumb","itemListElement":[{"@type":"ListItem","position":1,"name":"Portada","item":"https:\/\/www.vallformosa.com\/ca\/"},{"@type":"ListItem","position":2,"name":"Descomptes"}]},{"@type":"WebSite","@id":"https:\/\/www.vallformosa.com\/ca\/#website","url":"https:\/\/www.vallformosa.com\/ca\/","name":"Vallformosa","description":"","potentialAction":[{"@type":"SearchAction","target":{"@type":"EntryPoint","urlTemplate":"https:\/\/www.vallformosa.com\/ca\/?s={search_term_string}"},"query-input":{"@type":"PropertyValueSpecification","valueRequired":true,"valueName":"search_term_string"}}],"inLanguage":"ca"}]}},"_links":{"self":[{"href":"https:\/\/www.vallformosa.com\/ca\/wp-json\/wp\/v2\/pages\/7743","targetHints":{"allow":["GET"]}}],"collection":[{"href":"https:\/\/www.vallformosa.com\/ca\/wp-json\/wp\/v2\/pages"}],"about":[{"href":"https:\/\/www.vallformosa.com\/ca\/wp-json\/wp\/v2\/types\/page"}],"author":[{"embeddable":true,"href":"https:\/\/www.vallformosa.com\/ca\/wp-json\/wp\/v2\/users\/2"}],"replies":[{"embeddable":true,"href":"https:\/\/www.vallformosa.com\/ca\/wp-json\/wp\/v2\/comments?post=7743"}],"version-history":[{"count":4,"href":"https:\/\/www.vallformosa.com\/ca\/wp-json\/wp\/v2\/pages\/7743\/revisions"}],"predecessor-version":[{"id":9279,"href":"https:\/\/www.vallformosa.com\/ca\/wp-json\/wp\/v2\/pages\/7743\/revisions\/9279"}],"wp:attachment":[{"href":"https:\/\/www.vallformosa.com\/ca\/wp-json\/wp\/v2\/media?parent=7743"}],"curies":[{"name":"wp","href":"https:\/\/api.w.org\/{rel}","templated":true}]}}