{"id":4332,"date":"2024-09-17T16:10:21","date_gmt":"2024-09-17T14:10:21","guid":{"rendered":"https:\/\/www.vallformosa.com\/politica-corporativa\/"},"modified":"2025-04-15T17:08:55","modified_gmt":"2025-04-15T15:08:55","slug":"politica-corporativa","status":"publish","type":"page","link":"https:\/\/www.vallformosa.com\/en\/corporate-policy\/","title":{"rendered":"Corporate policy"},"content":{"rendered":"<div class=\"wpb-content-wrapper\"><p>[vc_row][vc_column]<div class='spacer display-none-mobile' style='height: 18vh;'><\/div><div class='spacer display-none-desktop' style='height: 115px;'><\/div>[\/vc_column][\/vc_row][vc_section full_width=&#8221;stretch_row_content&#8221; css=&#8221;.vc_custom_1730371446477{background-color: #fffaee !important;}&#8221; el_class=&#8221;color-1 politica-privacidad-section&#8221;][vc_row][vc_column][vc_wp_text]<\/p>\n<p class=\"title-title\" style=\"text-align: left;\">Pol\u00edtica corporativa<\/p>\n<p>[\/vc_wp_text][vc_wp_text]<\/p>\n<p><em>20 de abril de 2021<\/em><\/p>\n<p>[\/vc_wp_text]<div class='spacer display-none-mobile' style='height: 4vh;'><\/div><div class='spacer display-none-desktop' style='height: 25px;'><\/div>[\/vc_column][\/vc_row][vc_row][vc_column][vc_wp_text]<\/p>\n<p class=\"sub-title2\" style=\"text-align: left;\">DISFRUTA Y EXPERIMENTA DE UNA FORMA DIFERENTE<\/p>\n<p>[\/vc_wp_text]<div class='spacer display-none-mobile' style='height: 4vh;'><\/div><div class='spacer display-none-desktop' style='height: 30px;'><\/div>[vc_wp_text]<\/p>\n<p style=\"text-align: left;\">Vallformosa es un referente de calidad global. Sus productos permiten disfrutar de la vida, cada d\u00eda. Innovamos desde el origen con la voluntad de transformar el mundo vitivin\u00edcola.<\/p>\n<p>[\/vc_wp_text]<div class='spacer display-none-mobile' style='height: 8vh;'><\/div><div class='spacer display-none-desktop' style='height: 30px;'><\/div>[\/vc_column][\/vc_row][vc_row][vc_column][vc_wp_text]<\/p>\n<p class=\"sub-title2\" style=\"text-align: left;\">VALORES<\/p>\n<p>[\/vc_wp_text]<div class='spacer display-none-mobile' style='height: 4vh;'><\/div><div class='spacer display-none-desktop' style='height: 30px;'><\/div>[vc_wp_text]<\/p>\n<p style=\"text-align: left;\"><strong>Respeto:<\/strong> Vallformosa trabaja de forma continuada para obtener la m\u00e1xima calidad de sus productos con respeto por su entorno y con acciones concretas para mejorar el medio ambiente. Las personas y su historia son valores que dibujan la personalidad de la compa\u00f1\u00eda.<\/p>\n<p>[\/vc_wp_text]<div class='spacer display-none-mobile' style='height: 4vh;'><\/div><div class='spacer display-none-desktop' style='height: 25px;'><\/div>[vc_row_inner el_class=&#8221;politica-privacidad-little-section&#8221;][vc_column_inner][vc_wp_text]<\/p>\n<p class=\"sub-title2\" style=\"text-align: left;\">SEGURIDAD ALIMENTARIA Y CALIDAD DE PRODUCTO<\/p>\n<p>[\/vc_wp_text][vc_wp_text]<\/p>\n<p style=\"text-align: left;\">Mejora de forma continuada los procesos productivos, las actividades de soporte y la competencia de su personal con el objetivo de mejorar la calidad de los productos y asegurar la seguridad alimentaria de los mismos.<\/p>\n<p>[\/vc_wp_text]<div class='spacer display-none-mobile' style='height: 4vh;'><\/div><div class='spacer display-none-desktop' style='height: 15px;'><\/div>[vc_wp_text]<\/p>\n<p class=\"sub-title2\" style=\"text-align: left;\">CULTURA DE SEGURIDAD ALIMENTARIA<\/p>\n<p>[\/vc_wp_text][vc_wp_text]<\/p>\n<p style=\"text-align: left;\">La presente Pol\u00edtica de calidad, describe la cultura de seguridad alimentaria de la compa\u00f1\u00eda, definiendo los valores de la empresa ayudando a la organizaci\u00f3n y a sus trabajadores y trabajadoras a prevenir y detectar desviaciones de cualquier parte del proceso que pueda afectar a la seguridad, la calidad y la legalidad de sus productos.<\/p>\n<p>[\/vc_wp_text]<div class='spacer display-none-mobile' style='height: 4vh;'><\/div><div class='spacer display-none-desktop' style='height: 15px;'><\/div>[vc_wp_text]<\/p>\n<p class=\"sub-title2\" style=\"text-align: left;\">ENTORNO<\/p>\n<p>[\/vc_wp_text][vc_wp_text]<\/p>\n<p style=\"text-align: left;\">Contribuir al progreso de su entorno a trav\u00e9s de acciones socialmente responsables<\/p>\n<p>[\/vc_wp_text]<div class='spacer display-none-mobile' style='height: 4vh;'><\/div><div class='spacer display-none-desktop' style='height: 15px;'><\/div>[vc_wp_text]<\/p>\n<p class=\"sub-title2\" style=\"text-align: left;\">MEDIO AMBIENTE<\/p>\n<p>[\/vc_wp_text][vc_wp_text]<\/p>\n<p style=\"text-align: left;\">Disminuir el uso de recursos naturales como el agua o la electricidad y prevenir la contaminaci\u00f3n como la generaci\u00f3n de residuos para preservar la sostenibilidad.<\/p>\n<p>[\/vc_wp_text]<div class='spacer display-none-mobile' style='height: 4vh;'><\/div><div class='spacer display-none-desktop' style='height: 15px;'><\/div>[vc_wp_text]<\/p>\n<p class=\"sub-title2\" style=\"text-align: left;\">HISTORIA<\/p>\n<p>[\/vc_wp_text][vc_wp_text]<\/p>\n<p style=\"text-align: left;\">Crear valor a trav\u00e9s de la historia de la misma bodega, pero tambi\u00e9n de nuestros clientes y proveedores.<\/p>\n<p>[\/vc_wp_text]<div class='spacer display-none-mobile' style='height: 4vh;'><\/div><div class='spacer display-none-desktop' style='height: 15px;'><\/div>[vc_wp_text]<\/p>\n<p class=\"sub-title2\" style=\"text-align: left;\">PERSONAS<\/p>\n<p>[\/vc_wp_text][vc_wp_text]<\/p>\n<p style=\"text-align: left;\">Mejorar el bienestar de las personas que desarrollan su responsabilidad dentro de la compa\u00f1\u00eda. Lo hacemos a trav\u00e9s del respeto, la confianza y la motivaci\u00f3n.<\/p>\n<p>[\/vc_wp_text][\/vc_column_inner][\/vc_row_inner]<div class='spacer display-none-mobile' style='height: 8vh;'><\/div><div class='spacer display-none-desktop' style='height: 30px;'><\/div>[\/vc_column][\/vc_row][vc_row][vc_column][vc_wp_text]<\/p>\n<p style=\"text-align: left;\"><strong>Enfoque al cliente:<\/strong> Vallformosa es una compa\u00f1\u00eda pr\u00f3xima y accesible para todos los interlocutores (clientes, proveedores, colaboradores y consumidores). Sus marcas se comunican a trav\u00e9s de experiencias aut\u00e9nticas y divertidas.<\/p>\n<p>[\/vc_wp_text]<div class='spacer display-none-mobile' style='height: 4vh;'><\/div><div class='spacer display-none-desktop' style='height: 15px;'><\/div>[vc_row_inner el_class=&#8221;politica-privacidad-little-section&#8221;][vc_column_inner][vc_wp_text]<\/p>\n<p class=\"sub-title2\" style=\"text-align: left;\">ORIGEN<\/p>\n<p>[\/vc_wp_text][vc_wp_text]<\/p>\n<p style=\"text-align: left;\">Promocionar y poner en valor la labor de los viticultores. Son el origen de la elaboraci\u00f3n de los vinos y cavas. Por esto que los proveedores de uva son el principal valor de compa\u00f1\u00eda.<\/p>\n<p>[\/vc_wp_text]<div class='spacer display-none-mobile' style='height: 4vh;'><\/div><div class='spacer display-none-desktop' style='height: 15px;'><\/div>[vc_wp_text]<\/p>\n<p class=\"sub-title2\" style=\"text-align: left;\">ACCESIBLES<\/p>\n<p>[\/vc_wp_text][vc_wp_text]<\/p>\n<p style=\"text-align: left;\">Ser una empresa accesible y pr\u00f3xima para todo el mundo haciendo uso de cualquier canal de comunicaci\u00f3n presencial o no.<\/p>\n<p>[\/vc_wp_text]<div class='spacer display-none-mobile' style='height: 4vh;'><\/div><div class='spacer display-none-desktop' style='height: 15px;'><\/div>[vc_wp_text]<\/p>\n<p class=\"sub-title2\" style=\"text-align: left;\">AUTENTICIDAD<\/p>\n<p>[\/vc_wp_text][vc_wp_text]<\/p>\n<p style=\"text-align: left;\">Creaci\u00f3n de marcas y productos con personalidad, pensados para atraer a su p\u00fablico objetivo.<\/p>\n<p>[\/vc_wp_text]<div class='spacer display-none-mobile' style='height: 4vh;'><\/div><div class='spacer display-none-desktop' style='height: 15px;'><\/div>[vc_wp_text]<\/p>\n<p class=\"sub-title2\" style=\"text-align: left;\">DIVERSI\u00d3N<\/p>\n<p>[\/vc_wp_text][vc_wp_text]<\/p>\n<p style=\"text-align: left;\">Generar experiencias divertidas alrededor de las marcas y sus productos.<\/p>\n<p>[\/vc_wp_text][\/vc_column_inner][\/vc_row_inner]<div class='spacer display-none-mobile' style='height: 8vh;'><\/div><div class='spacer display-none-desktop' style='height: 30px;'><\/div>[\/vc_column][\/vc_row][vc_row][vc_column][vc_wp_text]<\/p>\n<p style=\"text-align: left;\"><strong>Dinamismo:<\/strong> Capturar y generar nuevo conocimiento (ideas, iniciativas, propuestas de mejora e innovaci\u00f3n) y transformarlo en nuevos procesos, modelos organizativos, productos, servicios y modelos de negocio.<\/p>\n<p>[\/vc_wp_text]<div class='spacer display-none-mobile' style='height: 4vh;'><\/div><div class='spacer display-none-desktop' style='height: 15px;'><\/div>[vc_row_inner el_class=&#8221;politica-privacidad-little-section&#8221;][vc_column_inner][vc_wp_text]<\/p>\n<p class=\"sub-title2\" style=\"text-align: left;\">MEJORA CONT\u00cdNUA<\/p>\n<p>[\/vc_wp_text][vc_wp_text]<\/p>\n<p style=\"text-align: left;\">Creaci\u00f3n de propuestas de mejora continuada en todos los procesos de Vallformosa.<\/p>\n<p>[\/vc_wp_text]<div class='spacer display-none-mobile' style='height: 4vh;'><\/div><div class='spacer display-none-desktop' style='height: 15px;'><\/div>[vc_wp_text]<\/p>\n<p class=\"sub-title2\" style=\"text-align: left;\">INNOVACI\u00d3N DISRUPTIVA<\/p>\n<p>[\/vc_wp_text][vc_wp_text]<\/p>\n<p style=\"text-align: left;\">Promover la creaci\u00f3n de nuevas ideas para crear proyectos de innovaci\u00f3n incremental y disruptiva.<\/p>\n<p>[\/vc_wp_text][\/vc_column_inner][\/vc_row_inner]<div class='spacer display-none-mobile' style='height: 8vh;'><\/div><div class='spacer display-none-desktop' style='height: 30px;'><\/div>[\/vc_column][\/vc_row][vc_row][vc_column][vc_wp_text]<\/p>\n<p style=\"text-align: left;\">Por todo esto, <strong>la Direcci\u00f3n de Vallformosa, adquiere el compromiso de<\/strong>:<\/p>\n<p>[\/vc_wp_text]<div class='spacer display-none-mobile' style='height: 4vh;'><\/div><div class='spacer display-none-desktop' style='height: 15px;'><\/div>[vc_row_inner el_class=&#8221;politica-privacidad-little-section&#8221;][vc_column_inner][vc_wp_text el_class=&#8221;politica-privacidad-lista&#8221;]<\/p>\n<ol>\n<li>Mejorar de forma continua los procesos productivos, las actividades de soporte y la competencia de su personal con el objetivo de mejorar la seguridad alimentaria y calidad de los productos y disminuir el uso de recursos naturales como el agua o la electricidad y prevenir la contaminaci\u00f3n como la generaci\u00f3n de residuos para preservar la sostenibilidad.<\/li>\n<li>Dise\u00f1ar procesos que reduzcan los riesgos en t\u00e9rminos de seguridad alimentaria en nuestros productos y evaluar anticipadamente, los riesgos alimentarios, legales, de autenticidad, etc., en todas las fases de nuestros procesos productivos.<\/li>\n<li>Asegurar que la fuerza comercial de la organizaci\u00f3n capte, entienda y comunique internamente las necesidades espec\u00edficas de los clientes actuales y potenciales, y utilizarlo como base para la definici\u00f3n de la cartera de productos y servicios.<\/li>\n<li>Fomentar la participaci\u00f3n de todo el personal de la organizaci\u00f3n en la mejora de la seguridad alimentaria y calidad del producto, en la mejora de las condiciones de trabajo y en la mejora del rendimiento ambiental.<\/li>\n<li>Mejorar los sistemas de control y seguridad de los aspectos ambientales, as\u00ed como de los est\u00e1ndares de seguridad alimentaria y de calidad del producto.<\/li>\n<li>Comunicar a los proveedores los compromisos adquiridos con el medio<br \/>\nambiente, la seguridad alimentaria y la calidad. Valorar en su selecci\u00f3n o mantenimiento la implantaci\u00f3n de sistemas de gesti\u00f3n de medio ambiente, seguridad alimentaria o calidad certificadas.<\/li>\n<li>Ser un ejemplo a seguir con el cumplimento de las normas de prevenci\u00f3n<br \/>\nambiental, calidad y seguridad alimentaria.<\/li>\n<\/ol>\n<p>[\/vc_wp_text][\/vc_column_inner][\/vc_row_inner]<div class='spacer display-none-mobile' style='height: 4vh;'><\/div><div class='spacer display-none-desktop' style='height: 30px;'><\/div>[\/vc_column][\/vc_row][\/vc_section][vc_row][vc_column]<div class='spacer display-none-mobile' style='height: 5vh;'><\/div><div class='spacer display-none-desktop' style='height: 35px;'><\/div>[\/vc_column][\/vc_row]<\/p>\n<\/div>","protected":false},"excerpt":{"rendered":"<p>[vc_row][vc_column][\/vc_column][\/vc_row][vc_section full_width=&#8221;stretch_row_content&#8221; css=&#8221;.vc_custom_1730371446477{background-color: #fffaee !important;}&#8221; el_class=&#8221;color-1 politica-privacidad-section&#8221;][vc_row][vc_column][vc_wp_text] Pol\u00edtica corporativa [\/vc_wp_text][vc_wp_text] 20 de abril de 2021 [\/vc_wp_text][\/vc_column][\/vc_row][vc_row][vc_column][vc_wp_text] DISFRUTA Y EXPERIMENTA DE UNA FORMA DIFERENTE [\/vc_wp_text][vc_wp_text] Vallformosa es un referente de calidad global. Sus productos permiten disfrutar de la vida, cada d\u00eda. Innovamos desde el origen con la voluntad de transformar el mundo vitivin\u00edcola. [\/vc_wp_text][\/vc_column][\/vc_row][vc_row][vc_column][vc_wp_text] VALORES [\/vc_wp_text][vc_wp_text] [&hellip;]<\/p>\n","protected":false},"author":1,"featured_media":0,"parent":0,"menu_order":0,"comment_status":"closed","ping_status":"open","template":"","meta":{"_acf_changed":false,"footnotes":""},"class_list":["post-4332","page","type-page","status-publish","hentry"],"acf":[],"yoast_head":"<!-- This site is optimized with the Yoast SEO plugin v27.1.1 - https:\/\/yoast.com\/product\/yoast-seo-wordpress\/ -->\n<title>Corporate policy - Vallformosa<\/title>\n<meta name=\"robots\" content=\"index, follow, max-snippet:-1, max-image-preview:large, max-video-preview:-1\" \/>\n<link rel=\"canonical\" href=\"https:\/\/www.vallformosa.com\/en\/corporate-policy\/\" \/>\n<meta property=\"og:locale\" content=\"en_US\" \/>\n<meta property=\"og:type\" content=\"article\" \/>\n<meta property=\"og:title\" content=\"Corporate policy - Vallformosa\" \/>\n<meta property=\"og:description\" content=\"[vc_row][vc_column][\/vc_column][\/vc_row][vc_section full_width=&#8221;stretch_row_content&#8221; css=&#8221;.vc_custom_1730371446477{background-color: #fffaee !important;}&#8221; el_class=&#8221;color-1 politica-privacidad-section&#8221;][vc_row][vc_column][vc_wp_text] Pol\u00edtica corporativa [\/vc_wp_text][vc_wp_text] 20 de abril de 2021 [\/vc_wp_text][\/vc_column][\/vc_row][vc_row][vc_column][vc_wp_text] DISFRUTA Y EXPERIMENTA DE UNA FORMA DIFERENTE [\/vc_wp_text][vc_wp_text] Vallformosa es un referente de calidad global. Sus productos permiten disfrutar de la vida, cada d\u00eda. Innovamos desde el origen con la voluntad de transformar el mundo vitivin\u00edcola. [\/vc_wp_text][\/vc_column][\/vc_row][vc_row][vc_column][vc_wp_text] VALORES [\/vc_wp_text][vc_wp_text] [&hellip;]\" \/>\n<meta property=\"og:url\" content=\"https:\/\/www.vallformosa.com\/en\/corporate-policy\/\" \/>\n<meta property=\"og:site_name\" content=\"Vallformosa\" \/>\n<meta property=\"article:modified_time\" content=\"2025-04-15T15:08:55+00:00\" \/>\n<meta name=\"twitter:card\" content=\"summary_large_image\" \/>\n<meta name=\"twitter:label1\" content=\"Est. reading time\" \/>\n\t<meta name=\"twitter:data1\" content=\"4 minutes\" \/>\n<script type=\"application\/ld+json\" class=\"yoast-schema-graph\">{\"@context\":\"https:\/\/schema.org\",\"@graph\":[{\"@type\":\"WebPage\",\"@id\":\"https:\/\/www.vallformosa.com\/en\/corporate-policy\/\",\"url\":\"https:\/\/www.vallformosa.com\/en\/corporate-policy\/\",\"name\":\"Corporate policy - Vallformosa\",\"isPartOf\":{\"@id\":\"https:\/\/www.vallformosa.com\/en\/#website\"},\"datePublished\":\"2024-09-17T14:10:21+00:00\",\"dateModified\":\"2025-04-15T15:08:55+00:00\",\"breadcrumb\":{\"@id\":\"https:\/\/www.vallformosa.com\/en\/corporate-policy\/#breadcrumb\"},\"inLanguage\":\"en-US\",\"potentialAction\":[{\"@type\":\"ReadAction\",\"target\":[\"https:\/\/www.vallformosa.com\/en\/corporate-policy\/\"]}]},{\"@type\":\"BreadcrumbList\",\"@id\":\"https:\/\/www.vallformosa.com\/en\/corporate-policy\/#breadcrumb\",\"itemListElement\":[{\"@type\":\"ListItem\",\"position\":1,\"name\":\"Portada\",\"item\":\"https:\/\/www.vallformosa.com\/en\/\"},{\"@type\":\"ListItem\",\"position\":2,\"name\":\"Corporate policy\"}]},{\"@type\":\"WebSite\",\"@id\":\"https:\/\/www.vallformosa.com\/en\/#website\",\"url\":\"https:\/\/www.vallformosa.com\/en\/\",\"name\":\"Vallformosa\",\"description\":\"\",\"potentialAction\":[{\"@type\":\"SearchAction\",\"target\":{\"@type\":\"EntryPoint\",\"urlTemplate\":\"https:\/\/www.vallformosa.com\/en\/?s={search_term_string}\"},\"query-input\":{\"@type\":\"PropertyValueSpecification\",\"valueRequired\":true,\"valueName\":\"search_term_string\"}}],\"inLanguage\":\"en-US\"}]}<\/script>\n<!-- \/ Yoast SEO plugin. -->","yoast_head_json":{"title":"Corporate policy - Vallformosa","robots":{"index":"index","follow":"follow","max-snippet":"max-snippet:-1","max-image-preview":"max-image-preview:large","max-video-preview":"max-video-preview:-1"},"canonical":"https:\/\/www.vallformosa.com\/en\/corporate-policy\/","og_locale":"en_US","og_type":"article","og_title":"Corporate policy - Vallformosa","og_description":"[vc_row][vc_column][\/vc_column][\/vc_row][vc_section full_width=&#8221;stretch_row_content&#8221; css=&#8221;.vc_custom_1730371446477{background-color: #fffaee !important;}&#8221; el_class=&#8221;color-1 politica-privacidad-section&#8221;][vc_row][vc_column][vc_wp_text] Pol\u00edtica corporativa [\/vc_wp_text][vc_wp_text] 20 de abril de 2021 [\/vc_wp_text][\/vc_column][\/vc_row][vc_row][vc_column][vc_wp_text] DISFRUTA Y EXPERIMENTA DE UNA FORMA DIFERENTE [\/vc_wp_text][vc_wp_text] Vallformosa es un referente de calidad global. Sus productos permiten disfrutar de la vida, cada d\u00eda. Innovamos desde el origen con la voluntad de transformar el mundo vitivin\u00edcola. [\/vc_wp_text][\/vc_column][\/vc_row][vc_row][vc_column][vc_wp_text] VALORES [\/vc_wp_text][vc_wp_text] [&hellip;]","og_url":"https:\/\/www.vallformosa.com\/en\/corporate-policy\/","og_site_name":"Vallformosa","article_modified_time":"2025-04-15T15:08:55+00:00","twitter_card":"summary_large_image","twitter_misc":{"Est. reading time":"4 minutes"},"schema":{"@context":"https:\/\/schema.org","@graph":[{"@type":"WebPage","@id":"https:\/\/www.vallformosa.com\/en\/corporate-policy\/","url":"https:\/\/www.vallformosa.com\/en\/corporate-policy\/","name":"Corporate policy - Vallformosa","isPartOf":{"@id":"https:\/\/www.vallformosa.com\/en\/#website"},"datePublished":"2024-09-17T14:10:21+00:00","dateModified":"2025-04-15T15:08:55+00:00","breadcrumb":{"@id":"https:\/\/www.vallformosa.com\/en\/corporate-policy\/#breadcrumb"},"inLanguage":"en-US","potentialAction":[{"@type":"ReadAction","target":["https:\/\/www.vallformosa.com\/en\/corporate-policy\/"]}]},{"@type":"BreadcrumbList","@id":"https:\/\/www.vallformosa.com\/en\/corporate-policy\/#breadcrumb","itemListElement":[{"@type":"ListItem","position":1,"name":"Portada","item":"https:\/\/www.vallformosa.com\/en\/"},{"@type":"ListItem","position":2,"name":"Corporate policy"}]},{"@type":"WebSite","@id":"https:\/\/www.vallformosa.com\/en\/#website","url":"https:\/\/www.vallformosa.com\/en\/","name":"Vallformosa","description":"","potentialAction":[{"@type":"SearchAction","target":{"@type":"EntryPoint","urlTemplate":"https:\/\/www.vallformosa.com\/en\/?s={search_term_string}"},"query-input":{"@type":"PropertyValueSpecification","valueRequired":true,"valueName":"search_term_string"}}],"inLanguage":"en-US"}]}},"_links":{"self":[{"href":"https:\/\/www.vallformosa.com\/en\/wp-json\/wp\/v2\/pages\/4332","targetHints":{"allow":["GET"]}}],"collection":[{"href":"https:\/\/www.vallformosa.com\/en\/wp-json\/wp\/v2\/pages"}],"about":[{"href":"https:\/\/www.vallformosa.com\/en\/wp-json\/wp\/v2\/types\/page"}],"author":[{"embeddable":true,"href":"https:\/\/www.vallformosa.com\/en\/wp-json\/wp\/v2\/users\/1"}],"replies":[{"embeddable":true,"href":"https:\/\/www.vallformosa.com\/en\/wp-json\/wp\/v2\/comments?post=4332"}],"version-history":[{"count":3,"href":"https:\/\/www.vallformosa.com\/en\/wp-json\/wp\/v2\/pages\/4332\/revisions"}],"predecessor-version":[{"id":7293,"href":"https:\/\/www.vallformosa.com\/en\/wp-json\/wp\/v2\/pages\/4332\/revisions\/7293"}],"wp:attachment":[{"href":"https:\/\/www.vallformosa.com\/en\/wp-json\/wp\/v2\/media?parent=4332"}],"curies":[{"name":"wp","href":"https:\/\/api.w.org\/{rel}","templated":true}]}}